{"id":6958,"date":"2024-10-03T11:29:23","date_gmt":"2024-10-03T14:29:23","guid":{"rendered":"https:\/\/1rcpn.com\/mural\/?page_id=6958"},"modified":"2025-08-15T11:38:55","modified_gmt":"2025-08-15T14:38:55","slug":"treinamentos","status":"publish","type":"page","link":"https:\/\/1rcpn.com\/mural\/treinamentos\/","title":{"rendered":"Treinamentos Internos"},"content":{"rendered":"\t\t<div data-elementor-type=\"wp-page\" data-elementor-id=\"6958\" class=\"elementor elementor-6958\" data-elementor-post-type=\"page\">\n\t\t\t\t<div class=\"elementor-element elementor-element-e3e5f12 e-flex e-con-boxed e-con e-parent\" data-id=\"e3e5f12\" data-element_type=\"container\">\n\t\t\t\t\t<div class=\"e-con-inner\">\n\t\t\t\t<div class=\"elementor-element elementor-element-8139f03 elementor-widget elementor-widget-text-editor\" data-id=\"8139f03\" data-element_type=\"widget\" data-widget_type=\"text-editor.default\">\n\t\t\t\t<div class=\"elementor-widget-container\">\n\t\t\t\t\t\t\t<p class=\"\" data-start=\"118\" data-end=\"131\"><img decoding=\"async\" class=\"emoji\" role=\"img\" draggable=\"false\" src=\"https:\/\/s.w.org\/images\/core\/emoji\/16.0.1\/svg\/1f44b.svg\" alt=\"\ud83d\udc4b\" \/>\u00a0<strong class=\"\" data-start=\"121\" data-end=\"129\">Ol\u00e1!<\/strong><\/p><p class=\"\" data-start=\"133\" data-end=\"285\">Se voc\u00ea clicou apenas no nome\u00a0<strong class=\"\" data-start=\"163\" data-end=\"190\">\u201cTreinamentos Internos\u201d<\/strong>\u00a0e n\u00e3o selecionou um curso espec\u00edfico, \u00e9 poss\u00edvel que tenha chegado a esta p\u00e1gina por engano.<\/p><p class=\"\" data-start=\"287\" data-end=\"418\"><img decoding=\"async\" class=\"emoji\" role=\"img\" draggable=\"false\" src=\"https:\/\/s.w.org\/images\/core\/emoji\/16.0.1\/svg\/1f4da.svg\" alt=\"\ud83d\udcda\" \/>\u00a0Mas j\u00e1 que est\u00e1 aqui\u2026 que tal aproveitar para conhecer os\u00a0<strong class=\"\" data-start=\"348\" data-end=\"383\">diversos treinamentos incr\u00edveis<\/strong>\u00a0que est\u00e3o dispon\u00edveis para voc\u00ea?<\/p><p class=\"\" data-start=\"420\" data-end=\"704\"><img decoding=\"async\" class=\"emoji\" role=\"img\" draggable=\"false\" src=\"https:\/\/s.w.org\/images\/core\/emoji\/16.0.1\/svg\/1f4a1.svg\" alt=\"\ud83d\udca1\" \/>\u00a0Caso tenha alguma sugest\u00e3o de treinamento que gostaria de ver por aqui, encaminhe sua ideia ao(a)\u00a0<strong data-start=\"521\" data-end=\"548\">seu(sua) coordenador(a)<\/strong>.<br data-start=\"549\" data-end=\"552\" \/><img decoding=\"async\" class=\"emoji\" role=\"img\" draggable=\"false\" src=\"https:\/\/s.w.org\/images\/core\/emoji\/16.0.1\/svg\/1f4cb.svg\" alt=\"\ud83d\udccb\" \/>\u00a0Ele(a) ir\u00e1 avaliar a proposta e, se pertinente, repass\u00e1-la \u00e0\u00a0<strong data-start=\"616\" data-end=\"643\">Escrevente da Qualidade<\/strong>, que verificar\u00e1 em reuni\u00e3o a viabilidade de implementa\u00e7\u00e3o.<\/p><p class=\"\" data-start=\"706\" data-end=\"825\"><img decoding=\"async\" class=\"emoji\" role=\"img\" draggable=\"false\" src=\"https:\/\/s.w.org\/images\/core\/emoji\/16.0.1\/svg\/2728.svg\" alt=\"\u2728\" \/>\u00a0Sua participa\u00e7\u00e3o \u00e9 essencial para que possamos oferecer oportunidades cada vez mais alinhadas \u00e0s suas necessidades!<\/p>\t\t\t\t\t\t<\/div>\n\t\t\t\t<\/div>\n\t\t\t\t\t<\/div>\n\t\t\t\t<\/div>\n\t\t\t\t<\/div>\n\t\t","protected":false},"excerpt":{"rendered":"<p>\u00a0Ol\u00e1! Se voc\u00ea clicou apenas no nome\u00a0\u201cTreinamentos Internos\u201d\u00a0e n\u00e3o selecionou um curso espec\u00edfico, \u00e9 poss\u00edvel que tenha chegado a esta p\u00e1gina por engano. \u00a0Mas j\u00e1 que est\u00e1 aqui\u2026 que tal aproveitar para conhecer os\u00a0diversos treinamentos incr\u00edveis\u00a0que est\u00e3o dispon\u00edveis para voc\u00ea? \u00a0Caso tenha alguma sugest\u00e3o de treinamento que gostaria de ver por aqui, encaminhe sua ideia [&hellip;]<\/p>\n","protected":false},"author":2,"featured_media":0,"parent":0,"menu_order":0,"comment_status":"closed","ping_status":"closed","template":"","meta":{"footnotes":""},"class_list":["post-6958","page","type-page","status-publish","hentry"],"_links":{"self":[{"href":"https:\/\/1rcpn.com\/mural\/wp-json\/wp\/v2\/pages\/6958","targetHints":{"allow":["GET"]}}],"collection":[{"href":"https:\/\/1rcpn.com\/mural\/wp-json\/wp\/v2\/pages"}],"about":[{"href":"https:\/\/1rcpn.com\/mural\/wp-json\/wp\/v2\/types\/page"}],"author":[{"embeddable":true,"href":"https:\/\/1rcpn.com\/mural\/wp-json\/wp\/v2\/users\/2"}],"replies":[{"embeddable":true,"href":"https:\/\/1rcpn.com\/mural\/wp-json\/wp\/v2\/comments?post=6958"}],"version-history":[{"count":9,"href":"https:\/\/1rcpn.com\/mural\/wp-json\/wp\/v2\/pages\/6958\/revisions"}],"predecessor-version":[{"id":7951,"href":"https:\/\/1rcpn.com\/mural\/wp-json\/wp\/v2\/pages\/6958\/revisions\/7951"}],"wp:attachment":[{"href":"https:\/\/1rcpn.com\/mural\/wp-json\/wp\/v2\/media?parent=6958"}],"curies":[{"name":"wp","href":"https:\/\/api.w.org\/{rel}","templated":true}]}}